{"id":2948,"date":"2023-09-08T14:50:12","date_gmt":"2023-09-08T12:50:12","guid":{"rendered":"https:\/\/taekwondosaintmaurdesfosses.fr\/?page_id=2948"},"modified":"2023-09-08T14:51:42","modified_gmt":"2023-09-08T12:51:42","slug":"mot-de-la-presidente","status":"publish","type":"page","link":"https:\/\/taekwondosaintmaurdesfosses.fr\/index.php\/mot-de-la-presidente\/","title":{"rendered":"Mot de la pr\u00e9sidente"},"content":{"rendered":"\n[et_pb_section fb_built=\u00a0\u00bb1&Prime; admin_label=\u00a0\u00bbHero\u00a0\u00bb _builder_version=\u00a0\u00bb4.21.0&Prime; background_color=\u00a0\u00bb#0A0A0A\u00a0\u00bb background_enable_image=\u00a0\u00bboff\u00a0\u00bb parallax=\u00a0\u00bbon\u00a0\u00bb custom_padding=\u00a0\u00bb2px||2px||true|\u00a0\u00bb border_color_all=\u00a0\u00bbRGBA(255,255,255,0)\u00a0\u00bb global_colors_info=\u00a0\u00bb{}\u00a0\u00bb theme_builder_area=\u00a0\u00bbpost_content\u00a0\u00bb][et_pb_row column_structure=\u00a0\u00bb2_5,3_5&Prime; module_class=\u00a0\u00bb et_pb_row_fullwidth\u00a0\u00bb _builder_version=\u00a0\u00bb4.21.0&Prime; width=\u00a0\u00bb67%\u00a0\u00bb width_tablet=\u00a0\u00bb100%\u00a0\u00bb width_phone=\u00a0\u00bb100%\u00a0\u00bb width_last_edited=\u00a0\u00bbon|desktop\u00a0\u00bb max_width=\u00a0\u00bb100%\u00a0\u00bb max_width_tablet=\u00a0\u00bb100%\u00a0\u00bb max_width_phone=\u00a0\u00bb100%\u00a0\u00bb max_width_last_edited=\u00a0\u00bbon|desktop\u00a0\u00bb custom_margin=\u00a0\u00bb|||\u00a0\u00bb custom_padding=\u00a0\u00bb0px||0px|||\u00a0\u00bb hover_enabled=\u00a0\u00bb0&Prime; border_color_all=\u00a0\u00bbRGBA(255,255,255,0)\u00a0\u00bb border_width_bottom=\u00a0\u00bb4px\u00a0\u00bb border_color_bottom=\u00a0\u00bb#2d2d2d\u00a0\u00bb make_fullwidth=\u00a0\u00bbon\u00a0\u00bb global_colors_info=\u00a0\u00bb{}\u00a0\u00bb theme_builder_area=\u00a0\u00bbpost_content\u00a0\u00bb sticky_enabled=\u00a0\u00bb0&Prime;][et_pb_column type=\u00a0\u00bb2_5&Prime; _builder_version=\u00a0\u00bb4.21.0&Prime; background_position=\u00a0\u00bbtop_left\u00a0\u00bb custom_padding=\u00a0\u00bb150px||||false|false\u00a0\u00bb hover_enabled=\u00a0\u00bb0&Prime; global_colors_info=\u00a0\u00bb{}\u00a0\u00bb custom_padding__hover=\u00a0\u00bb|||\u00a0\u00bb theme_builder_area=\u00a0\u00bbpost_content\u00a0\u00bb sticky_enabled=\u00a0\u00bb0&Prime;][et_pb_image src=\u00a0\u00bbhttp:\/\/taekwondosaintmaurdesfosses.fr\/wp-content\/uploads\/2023\/08\/istockphoto-1267497795-612&#215;612-1.jpg\u00a0\u00bb title_text=\u00a0\u00bbYoung woman in spiritual pose holding the light in front of mountains\u00a0\u00bb align=\u00a0\u00bbcenter\u00a0\u00bb _builder_version=\u00a0\u00bb4.21.0&Prime; _module_preset=\u00a0\u00bbdefault\u00a0\u00bb width=\u00a0\u00bb201.6%\u00a0\u00bb max_width=\u00a0\u00bb100%\u00a0\u00bb min_height=\u00a0\u00bb99px\u00a0\u00bb max_height=\u00a0\u00bb1079px\u00a0\u00bb custom_margin=\u00a0\u00bb65px||28px|1px|false|false\u00a0\u00bb custom_padding=\u00a0\u00bb||5px||false|false\u00a0\u00bb hover_enabled=\u00a0\u00bb0&Prime; global_colors_info=\u00a0\u00bb{}\u00a0\u00bb theme_builder_area=\u00a0\u00bbpost_content\u00a0\u00bb sticky_enabled=\u00a0\u00bb0&Prime;][\/et_pb_image][\/et_pb_column][et_pb_column type=\u00a0\u00bb3_5&Prime; _builder_version=\u00a0\u00bb4.21.0&Prime; background_position=\u00a0\u00bbtop_left\u00a0\u00bb custom_padding=\u00a0\u00bb|10%||12%|false|false\u00a0\u00bb hover_enabled=\u00a0\u00bb0&Prime; global_colors_info=\u00a0\u00bb{}\u00a0\u00bb custom_padding__hover=\u00a0\u00bb|||\u00a0\u00bb theme_builder_area=\u00a0\u00bbpost_content\u00a0\u00bb sticky_enabled=\u00a0\u00bb0&Prime;][et_pb_text admin_label=\u00a0\u00bbHero Title\u00a0\u00bb _builder_version=\u00a0\u00bb4.21.0&Prime; text_font=\u00a0\u00bbBilbo||||||||\u00a0\u00bb text_text_color=\u00a0\u00bb#E02B20&Prime; text_font_size=\u00a0\u00bb27px\u00a0\u00bb text_line_height=\u00a0\u00bb1.6em\u00a0\u00bb header_font=\u00a0\u00bbOswald|on||on|\u00a0\u00bb header_text_align=\u00a0\u00bbleft\u00a0\u00bb header_font_size=\u00a0\u00bb60px\u00a0\u00bb header_line_height=\u00a0\u00bb1.3em\u00a0\u00bb background_layout=\u00a0\u00bbdark\u00a0\u00bb max_width=\u00a0\u00bb600%\u00a0\u00bb max_width_tablet=\u00a0\u00bb600%\u00a0\u00bb max_width_phone=\u00a0\u00bb600%\u00a0\u00bb max_width_last_edited=\u00a0\u00bbon|desktop\u00a0\u00bb custom_margin=\u00a0\u00bb||1px|||\u00a0\u00bb custom_padding=\u00a0\u00bb1px|5px||||\u00a0\u00bb animation_style=\u00a0\u00bbslide\u00a0\u00bb animation_direction=\u00a0\u00bbtop\u00a0\u00bb animation_intensity_slide=\u00a0\u00bb10%\u00a0\u00bb locked=\u00a0\u00bboff\u00a0\u00bb inline_fonts=\u00a0\u00bbBilbo,Alumni Sans Collegiate One,Akaya Kanadaka\u00a0\u00bb global_colors_info=\u00a0\u00bb{}\u00a0\u00bb theme_builder_area=\u00a0\u00bbpost_content\u00a0\u00bb]<h1 style=\"text-align: center;\"><span style=\"color: #ffffff; font-size: xx-large; font-family: 'Akaya Kanadaka'; font-weight: normal;\">LE Mot de la pr\u00e9sidente<\/span><span style=\"color: #ffffff; font-size: xx-large; font-family: 'Akaya Kanadaka'; font-weight: normal;\"><\/span><\/h1>\n<p><span style=\"color: #ffffff; font-size: xx-large; font-family: 'Akaya Kanadaka'; font-weight: normal;\"><\/span><\/p>[\/et_pb_text][et_pb_text admin_label=\u00a0\u00bbHero Sub Title\u00a0\u00bb _builder_version=\u00a0\u00bb4.21.0&Prime; text_font=\u00a0\u00bbAkaya Kanadaka||||||||\u00a0\u00bb text_font_size=\u00a0\u00bb22px\u00a0\u00bb text_line_height=\u00a0\u00bb1.4em\u00a0\u00bb background_size=\u00a0\u00bbinitial\u00a0\u00bb background_position=\u00a0\u00bbtop_left\u00a0\u00bb background_repeat=\u00a0\u00bbrepeat\u00a0\u00bb background_layout=\u00a0\u00bbdark\u00a0\u00bb width=\u00a0\u00bb100%\u00a0\u00bb max_width=\u00a0\u00bb600%\u00a0\u00bb custom_padding=\u00a0\u00bb14px||50px|||\u00a0\u00bb animation_style=\u00a0\u00bbslide\u00a0\u00bb animation_direction=\u00a0\u00bbtop\u00a0\u00bb animation_delay=\u00a0\u00bb200ms\u00a0\u00bb animation_intensity_slide=\u00a0\u00bb10%\u00a0\u00bb locked=\u00a0\u00bboff\u00a0\u00bb inline_fonts=\u00a0\u00bbAdvent Pro\u00a0\u00bb global_colors_info=\u00a0\u00bb{}\u00a0\u00bb theme_builder_area=\u00a0\u00bbpost_content\u00a0\u00bb]<p style=\"text-align: justify;\">La saison 2022-2023 a \u00e9t\u00e9 fructueuse et nous avons assist\u00e9 \u00e0 l\u2019\u00e9closion de jeunes talents, tant du point de vue de la comp\u00e9tition que des techniques traditionnelles.<\/p>\n<p style=\"text-align: justify;\">C\u2019est donc dans une ambiance festive que s\u2019est cl\u00f4tur\u00e9e la saison et vous avez \u00e9t\u00e9 nombreux \u00e0 participer \u00e0 la f\u00eate du club et aux animations propos\u00e9es lors de cet \u00e9v\u00e9nement.<\/p>\n<p style=\"text-align: justify;\">Sur cette lanc\u00e9e, le Djoson Saint Maur s\u2019est redynamis\u00e9 et l\u2019\u00e9quipe d\u2019encadrement s\u2019est enrichie.<\/p>\n<p style=\"text-align: justify;\">De plus, la team jeunesse tr\u00e8s motiv\u00e9e a travaill\u00e9 tout l\u2019\u00e9t\u00e9 afin que vous puissiez nous suivre sur les r\u00e9seaux sociaux.<\/p>\n<p style=\"text-align: justify;\">C\u2019est donc dans cet \u00e9tat d\u2019esprit innovant mais toujours fid\u00e8le \u00e0 notre \u00e9thique que nous vous proposons de nous retrouver pour la saison 2023-2024 afin de partager notre passion du taekwondo.<\/p>\n<p style=\"text-align: justify;\">Nos remercions la municipalit\u00e9 de Saint-Maur-des-Foss\u00e9s qui croit en nous et nous soutient.<\/p>\n<p style=\"text-align: justify;\">Bien \u00e0 vous,<\/p>\n<p style=\"text-align: justify;\">L\u2019\u00e9quipe du Djoson Saint Maur<\/p>\n<p style=\"text-align: justify;\"><span lang=\"FR\"><\/span><\/p>[\/et_pb_text][\/et_pb_column][\/et_pb_row][\/et_pb_section]\n","protected":false},"excerpt":{"rendered":"<p>LE Mot de la pr\u00e9sidente La saison 2022-2023 a \u00e9t\u00e9 fructueuse et nous avons assist\u00e9 \u00e0 l\u2019\u00e9closion de jeunes talents, tant du point de vue de la comp\u00e9tition que des techniques traditionnelles. C\u2019est donc dans une ambiance festive que s\u2019est cl\u00f4tur\u00e9e la saison et vous avez \u00e9t\u00e9 nombreux \u00e0 participer \u00e0 la f\u00eate du club [&hellip;]<\/p>\n","protected":false},"author":1,"featured_media":0,"parent":0,"menu_order":0,"comment_status":"closed","ping_status":"closed","template":"","meta":{"_et_pb_use_builder":"on","_et_pb_old_content":"","_et_gb_content_width":"","om_disable_all_campaigns":false,"_uag_custom_page_level_css":"","_uf_show_specific_survey":0,"_uf_disable_surveys":false,"footnotes":""},"aioseo_notices":[],"uagb_featured_image_src":{"full":false,"thumbnail":false,"medium":false,"medium_large":false,"large":false,"1536x1536":false,"2048x2048":false,"et-pb-post-main-image":false,"et-pb-post-main-image-fullwidth":false,"et-pb-portfolio-image":false,"et-pb-portfolio-module-image":false,"et-pb-portfolio-image-single":false,"et-pb-gallery-module-image-portrait":false,"et-pb-post-main-image-fullwidth-large":false,"et-pb-image--responsive--desktop":false,"et-pb-image--responsive--tablet":false,"et-pb-image--responsive--phone":false},"uagb_author_info":{"display_name":"Djoson","author_link":"https:\/\/taekwondosaintmaurdesfosses.fr\/index.php\/author\/junenog7gmail-com\/"},"uagb_comment_info":0,"uagb_excerpt":"LE Mot de la pr\u00e9sidente La saison 2022-2023 a \u00e9t\u00e9 fructueuse et nous avons assist\u00e9 \u00e0 l\u2019\u00e9closion de jeunes talents, tant du point de vue de la comp\u00e9tition que des techniques traditionnelles. C\u2019est donc dans une ambiance festive que s\u2019est cl\u00f4tur\u00e9e la saison et vous avez \u00e9t\u00e9 nombreux \u00e0 participer \u00e0 la f\u00eate du club\u2026","_links":{"self":[{"href":"https:\/\/taekwondosaintmaurdesfosses.fr\/index.php\/wp-json\/wp\/v2\/pages\/2948"}],"collection":[{"href":"https:\/\/taekwondosaintmaurdesfosses.fr\/index.php\/wp-json\/wp\/v2\/pages"}],"about":[{"href":"https:\/\/taekwondosaintmaurdesfosses.fr\/index.php\/wp-json\/wp\/v2\/types\/page"}],"author":[{"embeddable":true,"href":"https:\/\/taekwondosaintmaurdesfosses.fr\/index.php\/wp-json\/wp\/v2\/users\/1"}],"replies":[{"embeddable":true,"href":"https:\/\/taekwondosaintmaurdesfosses.fr\/index.php\/wp-json\/wp\/v2\/comments?post=2948"}],"version-history":[{"count":3,"href":"https:\/\/taekwondosaintmaurdesfosses.fr\/index.php\/wp-json\/wp\/v2\/pages\/2948\/revisions"}],"predecessor-version":[{"id":2972,"href":"https:\/\/taekwondosaintmaurdesfosses.fr\/index.php\/wp-json\/wp\/v2\/pages\/2948\/revisions\/2972"}],"wp:attachment":[{"href":"https:\/\/taekwondosaintmaurdesfosses.fr\/index.php\/wp-json\/wp\/v2\/media?parent=2948"}],"curies":[{"name":"wp","href":"https:\/\/api.w.org\/{rel}","templated":true}]}}