{"id":2935,"date":"2023-09-08T11:54:36","date_gmt":"2023-09-08T09:54:36","guid":{"rendered":"https:\/\/taekwondosaintmaurdesfosses.fr\/?page_id=2935"},"modified":"2025-06-26T14:55:16","modified_gmt":"2025-06-26T12:55:16","slug":"encadrement","status":"publish","type":"page","link":"https:\/\/taekwondosaintmaurdesfosses.fr\/index.php\/encadrement\/","title":{"rendered":"Encadrement"},"content":{"rendered":"<p>[et_pb_section fb_built=\u00a0\u00bb1&Prime; admin_label=\u00a0\u00bbOur Teachers Section\u00a0\u00bb _builder_version=\u00a0\u00bb4.21.0&Prime; background_enable_color=\u00a0\u00bboff\u00a0\u00bb use_background_color_gradient=\u00a0\u00bbon\u00a0\u00bb background_color_gradient_type=\u00a0\u00bbcircular\u00a0\u00bb background_color_gradient_direction_radial=\u00a0\u00bbbottom right\u00a0\u00bb background_color_gradient_stops=\u00a0\u00bb#e02b20 0%|#0a0a0a 75%|#0a0a0a 100%\u00a0\u00bb custom_padding=\u00a0\u00bb110px|0px|45px|0px||\u00a0\u00bb global_colors_info=\u00a0\u00bb{}\u00a0\u00bb][et_pb_row column_structure=\u00a0\u00bb1_3,1_3,1_3&Prime; use_custom_gutter=\u00a0\u00bbon\u00a0\u00bb gutter_width=\u00a0\u00bb2&Prime; custom_padding_last_edited=\u00a0\u00bbon|desktop\u00a0\u00bb _builder_version=\u00a0\u00bb4.16&Prime; min_height=\u00a0\u00bb357.2px\u00a0\u00bb custom_margin=\u00a0\u00bb-72px|auto||auto||\u00a0\u00bb custom_padding=\u00a0\u00bb|||\u00a0\u00bb custom_padding_tablet=\u00a0\u00bb0px||0px|\u00a0\u00bb custom_padding_phone=\u00a0\u00bb\u00a0\u00bb locked=\u00a0\u00bboff\u00a0\u00bb global_colors_info=\u00a0\u00bb{}\u00a0\u00bb][et_pb_column type=\u00a0\u00bb1_3&Prime; _builder_version=\u00a0\u00bb4.16&Prime; custom_padding=\u00a0\u00bb|||\u00a0\u00bb global_colors_info=\u00a0\u00bb{}\u00a0\u00bb custom_padding__hover=\u00a0\u00bb|||\u00a0\u00bb disabled_on=\u00a0\u00bbon|on|off\u00a0\u00bb][\/et_pb_column][et_pb_column type=\u00a0\u00bb1_3&Prime; _builder_version=\u00a0\u00bb4.16&Prime; custom_padding=\u00a0\u00bb|||\u00a0\u00bb global_colors_info=\u00a0\u00bb{}\u00a0\u00bb custom_padding__hover=\u00a0\u00bb|||\u00a0\u00bb][et_pb_team_member name=\u00a0\u00bbJaqueline Laval \u00a0\u00bb position=\u00a0\u00bbPr\u00e9sidente du Djoson Saint-Maur                                                                                                           \u00a0\u00bb image_url=\u00a0\u00bbhttp:\/\/taekwondosaintmaurdesfosses.fr\/wp-content\/uploads\/2023\/05\/hthgfh-removebg-preview.png\u00a0\u00bb icon_color=\u00a0\u00bb#44d89e\u00a0\u00bb _builder_version=\u00a0\u00bb4.21.0&Prime; header_font=\u00a0\u00bbPoppins|500|||||||\u00a0\u00bb header_text_color=\u00a0\u00bb#486066&Prime; header_font_size=\u00a0\u00bb18px\u00a0\u00bb body_font=\u00a0\u00bbOpen Sans||||||||\u00a0\u00bb body_line_height=\u00a0\u00bb1.8em\u00a0\u00bb background_color=\u00a0\u00bb#ffffff\u00a0\u00bb text_orientation=\u00a0\u00bbcenter\u00a0\u00bb width=\u00a0\u00bb92%\u00a0\u00bb max_width=\u00a0\u00bb360%\u00a0\u00bb module_alignment=\u00a0\u00bbcenter\u00a0\u00bb custom_margin=\u00a0\u00bb||-65px|||\u00a0\u00bb custom_padding=\u00a0\u00bb30px|30px|30px|30px\u00a0\u00bb animation_style=\u00a0\u00bbfade\u00a0\u00bb border_radii=\u00a0\u00bbon|6px|6px|6px|6px\u00a0\u00bb box_shadow_style=\u00a0\u00bbpreset1&Prime; box_shadow_vertical=\u00a0\u00bb10px\u00a0\u00bb box_shadow_blur=\u00a0\u00bb24px\u00a0\u00bb box_shadow_spread=\u00a0\u00bb6px\u00a0\u00bb box_shadow_color=\u00a0\u00bbrgba(0,0,0,0.06)\u00a0\u00bb icon_hover_color=\u00a0\u00bb#353740&Prime; global_colors_info=\u00a0\u00bb{}\u00a0\u00bb icon_color__hover=\u00a0\u00bb#353740&Prime; icon_color__hover_enabled=\u00a0\u00bbon\u00a0\u00bb][\/et_pb_team_member][\/et_pb_column][et_pb_column type=\u00a0\u00bb1_3&Prime; _builder_version=\u00a0\u00bb4.21.0&Prime; _module_preset=\u00a0\u00bbdefault\u00a0\u00bb global_colors_info=\u00a0\u00bb{}\u00a0\u00bb][\/et_pb_column][\/et_pb_row][et_pb_row column_structure=\u00a0\u00bb1_3,1_3,1_3&Prime; use_custom_gutter=\u00a0\u00bbon\u00a0\u00bb gutter_width=\u00a0\u00bb2&Prime; custom_padding_last_edited=\u00a0\u00bbon|desktop\u00a0\u00bb _builder_version=\u00a0\u00bb4.21.0&Prime; custom_margin=\u00a0\u00bb14px|auto||auto|false|false\u00a0\u00bb custom_padding=\u00a0\u00bb||0px|||\u00a0\u00bb custom_padding_tablet=\u00a0\u00bb0px||0px|\u00a0\u00bb custom_padding_phone=\u00a0\u00bb\u00a0\u00bb locked=\u00a0\u00bboff\u00a0\u00bb global_colors_info=\u00a0\u00bb{}\u00a0\u00bb][et_pb_column type=\u00a0\u00bb1_3&Prime; _builder_version=\u00a0\u00bb4.21.0&Prime; custom_padding=\u00a0\u00bb8px||||false|false\u00a0\u00bb global_colors_info=\u00a0\u00bb{}\u00a0\u00bb custom_padding__hover=\u00a0\u00bb|||\u00a0\u00bb][et_pb_team_member name=\u00a0\u00bbVal\u00e9rie Chev\u00e9 \u00a0\u00bb position=\u00a0\u00bbProfesseur titulaire\u00a0\u00bb image_url=\u00a0\u00bbhttp:\/\/taekwondosaintmaurdesfosses.fr\/wp-content\/uploads\/2023\/09\/2_20230905_165820_0000.png\u00a0\u00bb icon_color=\u00a0\u00bb#44d89e\u00a0\u00bb _builder_version=\u00a0\u00bb4.21.0&Prime; header_font=\u00a0\u00bbPoppins|500|||||||\u00a0\u00bb header_text_color=\u00a0\u00bb#486066&Prime; header_font_size=\u00a0\u00bb18px\u00a0\u00bb body_font=\u00a0\u00bbOpen Sans||||||||\u00a0\u00bb body_line_height=\u00a0\u00bb1.8em\u00a0\u00bb background_color=\u00a0\u00bb#ffffff\u00a0\u00bb text_orientation=\u00a0\u00bbcenter\u00a0\u00bb width=\u00a0\u00bb100%\u00a0\u00bb max_width=\u00a0\u00bb360px\u00a0\u00bb module_alignment=\u00a0\u00bbcenter\u00a0\u00bb min_height=\u00a0\u00bb529px\u00a0\u00bb height=\u00a0\u00bb500px\u00a0\u00bb custom_padding=\u00a0\u00bb37px|30px|40px|30px|false|false\u00a0\u00bb animation_style=\u00a0\u00bbfade\u00a0\u00bb animation_delay=\u00a0\u00bb200ms\u00a0\u00bb border_radii=\u00a0\u00bbon|6px|6px|6px|6px\u00a0\u00bb box_shadow_style=\u00a0\u00bbpreset1&Prime; box_shadow_vertical=\u00a0\u00bb10px\u00a0\u00bb box_shadow_blur=\u00a0\u00bb24px\u00a0\u00bb box_shadow_spread=\u00a0\u00bb6px\u00a0\u00bb box_shadow_color=\u00a0\u00bbrgba(0,0,0,0.06)\u00a0\u00bb icon_hover_color=\u00a0\u00bb#353740&Prime; locked=\u00a0\u00bboff\u00a0\u00bb global_colors_info=\u00a0\u00bb{}\u00a0\u00bb icon_color__hover=\u00a0\u00bb#353740&Prime; icon_color__hover_enabled=\u00a0\u00bbon\u00a0\u00bb]<\/p>\n<p style=\"text-align: center;\">\u00a03\u1d49 Dan<em><span style=\"font-family: inherit; font-weight: normal; font-size: small;\"><\/span><\/em><em><span style=\"font-family: inherit; font-weight: normal; font-size: small;\"><\/span><\/em><\/p>\n<p style=\"text-align: center;\"><em><span style=\"font-family: inherit; font-weight: normal; font-size: small;\">Dipl\u00f4me d&rsquo;\u00c9tat de la Jeunesse, de l&rsquo;\u00c9ducation Populaire et du Sport (DEJEPS) \/ <\/span><\/em><em><span style=\"font-family: inherit; font-weight: normal; font-size: small;\">Formateur secouriste\u00a0<\/span><\/em><\/p>\n<p style=\"text-align: center;\"><em><span style=\"font-family: inherit; font-weight: normal; font-size: small;\"><\/span><\/em><\/p>\n<p>[\/et_pb_team_member][\/et_pb_column][et_pb_column type=\u00a0\u00bb1_3&Prime; _builder_version=\u00a0\u00bb4.21.0&Prime; custom_padding=\u00a0\u00bb17px||0px||false|false\u00a0\u00bb global_colors_info=\u00a0\u00bb{}\u00a0\u00bb custom_padding__hover=\u00a0\u00bb|||\u00a0\u00bb][et_pb_team_member name=\u00a0\u00bbPaulo Nogueira \u00a0\u00bb position=\u00a0\u00bbProfesseur titulaire\u00a0\u00bb image_url=\u00a0\u00bbhttp:\/\/taekwondosaintmaurdesfosses.fr\/wp-content\/uploads\/2023\/09\/3_20230905_164158_0000.png\u00a0\u00bb icon_color=\u00a0\u00bb#44d89e\u00a0\u00bb _builder_version=\u00a0\u00bb4.21.0&Prime; header_font=\u00a0\u00bbPoppins|500|||||||\u00a0\u00bb header_text_color=\u00a0\u00bb#486066&Prime; header_font_size=\u00a0\u00bb18px\u00a0\u00bb body_font=\u00a0\u00bbOpen Sans||||||||\u00a0\u00bb body_line_height=\u00a0\u00bb1.8em\u00a0\u00bb background_color=\u00a0\u00bb#ffffff\u00a0\u00bb text_orientation=\u00a0\u00bbcenter\u00a0\u00bb width=\u00a0\u00bb100%\u00a0\u00bb max_width=\u00a0\u00bb360px\u00a0\u00bb module_alignment=\u00a0\u00bbcenter\u00a0\u00bb min_height=\u00a0\u00bb529px\u00a0\u00bb height=\u00a0\u00bb500px\u00a0\u00bb custom_margin=\u00a0\u00bb-10px|||||\u00a0\u00bb custom_padding=\u00a0\u00bb37px|30px|45px|30px|false|false\u00a0\u00bb animation_style=\u00a0\u00bbfade\u00a0\u00bb animation_delay=\u00a0\u00bb100ms\u00a0\u00bb border_radii=\u00a0\u00bbon|6px|6px|6px|6px\u00a0\u00bb box_shadow_style=\u00a0\u00bbpreset1&Prime; box_shadow_vertical=\u00a0\u00bb10px\u00a0\u00bb box_shadow_blur=\u00a0\u00bb24px\u00a0\u00bb box_shadow_spread=\u00a0\u00bb6px\u00a0\u00bb box_shadow_color=\u00a0\u00bbrgba(0,0,0,0.06)\u00a0\u00bb icon_hover_color=\u00a0\u00bb#353740&Prime; locked=\u00a0\u00bboff\u00a0\u00bb global_colors_info=\u00a0\u00bb{}\u00a0\u00bb icon_color__hover=\u00a0\u00bb#353740&Prime; icon_color__hover_enabled=\u00a0\u00bbon\u00a0\u00bb]<\/p>\n<p>2\u1d49 Dan<span style=\"font-style: italic; font-family: inherit; font-weight: normal; font-size: small;\"><\/span><\/p>\n<p><span style=\"font-style: italic; font-family: inherit; font-weight: normal; font-size: small;\">Dipl\u00f4me d&rsquo;\u00c9tat de la Jeunesse, de l&rsquo;\u00c9ducation Populaire et du Sport (DEJEPS) \/ <\/span><span style=\"color: #666666; font-size: small;\"><em><span style=\"font-family: inherit; font-weight: normal;\">Formateur secouriste\u00a0<\/span><\/em><\/span><\/p>\n<p><span style=\"font-style: italic; font-family: inherit; font-weight: normal; font-size: small;\"><\/span><\/p>\n<p>[\/et_pb_team_member][\/et_pb_column][et_pb_column type=\u00a0\u00bb1_3&Prime; _builder_version=\u00a0\u00bb4.21.0&Prime; global_colors_info=\u00a0\u00bb{}\u00a0\u00bb custom_padding__hover=\u00a0\u00bb|||\u00a0\u00bb][et_pb_team_member name=\u00a0\u00bbS\u00e9bastien Giraud \u00a0\u00bb position=\u00a0\u00bbProfesseur Titulaire\u00a0\u00bb image_url=\u00a0\u00bbhttp:\/\/taekwondosaintmaurdesfosses.fr\/wp-content\/uploads\/2023\/09\/4_20230905_164158_0001.png\u00a0\u00bb icon_color=\u00a0\u00bb#44d89e\u00a0\u00bb _builder_version=\u00a0\u00bb4.21.0&Prime; header_font=\u00a0\u00bbPoppins|500|||||||\u00a0\u00bb header_text_color=\u00a0\u00bb#486066&Prime; header_font_size=\u00a0\u00bb18px\u00a0\u00bb body_font=\u00a0\u00bbOpen Sans||||||||\u00a0\u00bb body_line_height=\u00a0\u00bb1.8em\u00a0\u00bb background_color=\u00a0\u00bb#ffffff\u00a0\u00bb text_orientation=\u00a0\u00bbcenter\u00a0\u00bb max_width=\u00a0\u00bb360px\u00a0\u00bb module_alignment=\u00a0\u00bbcenter\u00a0\u00bb height=\u00a0\u00bb530px\u00a0\u00bb custom_margin=\u00a0\u00bb6px||35px|||\u00a0\u00bb custom_padding=\u00a0\u00bb39px|44px|21px|30px||\u00a0\u00bb animation_style=\u00a0\u00bbfade\u00a0\u00bb border_radii=\u00a0\u00bbon|6px|6px|6px|6px\u00a0\u00bb box_shadow_style=\u00a0\u00bbpreset1&Prime; box_shadow_vertical=\u00a0\u00bb10px\u00a0\u00bb box_shadow_blur=\u00a0\u00bb24px\u00a0\u00bb box_shadow_spread=\u00a0\u00bb6px\u00a0\u00bb box_shadow_color=\u00a0\u00bbrgba(0,0,0,0.06)\u00a0\u00bb icon_hover_color=\u00a0\u00bb#353740&Prime; locked=\u00a0\u00bboff\u00a0\u00bb global_colors_info=\u00a0\u00bb{}\u00a0\u00bb icon_color__hover=\u00a0\u00bb#353740&Prime; icon_color__hover_enabled=\u00a0\u00bbon\u00a0\u00bb]<\/p>\n<p>2\u1d49 Dan<em><span style=\"font-family: inherit; font-weight: normal; font-size: small;\"><\/span><\/em><\/p>\n<p><em><span style=\"font-family: inherit; font-weight: normal; font-size: small;\">Dipl\u00f4me d&rsquo;instructeur f\u00e9d\u00e9ral (DIF)<\/span><\/em><\/p>\n<p>[\/et_pb_team_member][\/et_pb_column][\/et_pb_row][et_pb_row column_structure=\u00a0\u00bb1_3,1_3,1_3&Prime; use_custom_gutter=\u00a0\u00bbon\u00a0\u00bb gutter_width=\u00a0\u00bb2&Prime; custom_padding_last_edited=\u00a0\u00bbon|desktop\u00a0\u00bb _builder_version=\u00a0\u00bb4.21.0&Prime; custom_margin=\u00a0\u00bb4px|auto||auto|false|false\u00a0\u00bb custom_padding=\u00a0\u00bb||0px|||\u00a0\u00bb custom_padding_tablet=\u00a0\u00bb0px||0px|\u00a0\u00bb custom_padding_phone=\u00a0\u00bb\u00a0\u00bb locked=\u00a0\u00bboff\u00a0\u00bb global_colors_info=\u00a0\u00bb{}\u00a0\u00bb][et_pb_column type=\u00a0\u00bb1_3&Prime; _builder_version=\u00a0\u00bb4.16&Prime; custom_padding=\u00a0\u00bb|||\u00a0\u00bb global_colors_info=\u00a0\u00bb{}\u00a0\u00bb custom_padding__hover=\u00a0\u00bb|||\u00a0\u00bb][et_pb_team_member name=\u00a0\u00bbMathieu Herv\u00e9\u00a0\u00bb position=\u00a0\u00bbProfesseur Titulaire\u00a0\u00bb image_url=\u00a0\u00bbhttp:\/\/taekwondosaintmaurdesfosses.fr\/wp-content\/uploads\/2023\/09\/Sans-titre-Publication-Instagram_20230905_170012_0000.png\u00a0\u00bb icon_color=\u00a0\u00bb#44d89e\u00a0\u00bb _builder_version=\u00a0\u00bb4.21.0&Prime; header_font=\u00a0\u00bbPoppins|500|||||||\u00a0\u00bb header_text_color=\u00a0\u00bb#486066&Prime; header_font_size=\u00a0\u00bb18px\u00a0\u00bb body_font=\u00a0\u00bbOpen Sans||||||||\u00a0\u00bb body_line_height=\u00a0\u00bb1.8em\u00a0\u00bb background_color=\u00a0\u00bb#ffffff\u00a0\u00bb text_orientation=\u00a0\u00bbcenter\u00a0\u00bb max_width=\u00a0\u00bb360px\u00a0\u00bb module_alignment=\u00a0\u00bbcenter\u00a0\u00bb min_height=\u00a0\u00bb476.6px\u00a0\u00bb height=\u00a0\u00bb500px\u00a0\u00bb custom_margin=\u00a0\u00bb||2px|||\u00a0\u00bb custom_padding=\u00a0\u00bb28px|30px|9px|30px|false|false\u00a0\u00bb animation_style=\u00a0\u00bbfade\u00a0\u00bb animation_delay=\u00a0\u00bb200ms\u00a0\u00bb hover_enabled=\u00a0\u00bb0&Prime; border_radii=\u00a0\u00bbon|6px|6px|6px|6px\u00a0\u00bb box_shadow_style=\u00a0\u00bbpreset1&Prime; box_shadow_vertical=\u00a0\u00bb10px\u00a0\u00bb box_shadow_blur=\u00a0\u00bb24px\u00a0\u00bb box_shadow_spread=\u00a0\u00bb6px\u00a0\u00bb box_shadow_color=\u00a0\u00bbrgba(0,0,0,0.06)\u00a0\u00bb icon_hover_color=\u00a0\u00bb#353740&Prime; locked=\u00a0\u00bboff\u00a0\u00bb global_colors_info=\u00a0\u00bb{}\u00a0\u00bb icon_color__hover=\u00a0\u00bb#353740&Prime; icon_color__hover_enabled=\u00a0\u00bbon\u00a0\u00bb sticky_enabled=\u00a0\u00bb0&Prime;]<\/p>\n<p>2\u1d49 Dan<\/p>\n<p>Dipl\u00f4me d&rsquo;instructeur f\u00e9d\u00e9ral (DIF)<\/p>\n<p>[\/et_pb_team_member][\/et_pb_column][et_pb_column type=\u00a0\u00bb1_3&Prime; _builder_version=\u00a0\u00bb4.16&Prime; custom_padding=\u00a0\u00bb|||\u00a0\u00bb global_colors_info=\u00a0\u00bb{}\u00a0\u00bb custom_padding__hover=\u00a0\u00bb|||\u00a0\u00bb][et_pb_team_member name=\u00a0\u00bbAkram Harfouche\u00a0\u00bb position=\u00a0\u00bbProfesseur rempla\u00e7ant\u00a0\u00bb icon_color=\u00a0\u00bb#44d89e\u00a0\u00bb _builder_version=\u00a0\u00bb4.21.0&Prime; header_font=\u00a0\u00bbPoppins|500|||||||\u00a0\u00bb header_text_color=\u00a0\u00bb#486066&Prime; header_font_size=\u00a0\u00bb18px\u00a0\u00bb body_font=\u00a0\u00bbOpen Sans||||||||\u00a0\u00bb body_line_height=\u00a0\u00bb1.8em\u00a0\u00bb background_color=\u00a0\u00bb#ffffff\u00a0\u00bb text_orientation=\u00a0\u00bbcenter\u00a0\u00bb max_width=\u00a0\u00bb360px\u00a0\u00bb module_alignment=\u00a0\u00bbcenter\u00a0\u00bb min_height=\u00a0\u00bb476.6px\u00a0\u00bb height=\u00a0\u00bb500px\u00a0\u00bb custom_margin=\u00a0\u00bb||2px|||\u00a0\u00bb custom_padding=\u00a0\u00bb28px|30px|9px|30px|false|false\u00a0\u00bb animation_style=\u00a0\u00bbfade\u00a0\u00bb animation_delay=\u00a0\u00bb200ms\u00a0\u00bb hover_enabled=\u00a0\u00bb0&Prime; border_radii=\u00a0\u00bbon|6px|6px|6px|6px\u00a0\u00bb box_shadow_style=\u00a0\u00bbpreset1&Prime; box_shadow_vertical=\u00a0\u00bb10px\u00a0\u00bb box_shadow_blur=\u00a0\u00bb24px\u00a0\u00bb box_shadow_spread=\u00a0\u00bb6px\u00a0\u00bb box_shadow_color=\u00a0\u00bbrgba(0,0,0,0.06)\u00a0\u00bb icon_hover_color=\u00a0\u00bb#353740&Prime; locked=\u00a0\u00bboff\u00a0\u00bb global_colors_info=\u00a0\u00bb{}\u00a0\u00bb icon_color__hover=\u00a0\u00bb#353740&Prime; icon_color__hover_enabled=\u00a0\u00bbon\u00a0\u00bb sticky_enabled=\u00a0\u00bb0&Prime; title_text=\u00a0\u00bb5_20230905_164158_0002&Prime; image_url=\u00a0\u00bbhttp:\/\/taekwondosaintmaurdesfosses.fr\/wp-content\/uploads\/2023\/09\/5_20230905_164158_0002.png\u00a0\u00bb]<\/p>\n<p>1er Dan<\/p>\n<p>Dipl\u00f4me d&rsquo;instructeur f\u00e9d\u00e9ral (DIF)<\/p>\n<p>[\/et_pb_team_member][\/et_pb_column][et_pb_column type=\u00a0\u00bb1_3&Prime; _builder_version=\u00a0\u00bb4.16&Prime; custom_padding=\u00a0\u00bb|||\u00a0\u00bb global_colors_info=\u00a0\u00bb{}\u00a0\u00bb custom_padding__hover=\u00a0\u00bb|||\u00a0\u00bb][et_pb_team_member name=\u00a0\u00bbJules Chameaux\u00a0\u00bb position=\u00a0\u00bbAssistant\u00a0\u00bb image_url=\u00a0\u00bbhttp:\/\/taekwondosaintmaurdesfosses.fr\/wp-content\/uploads\/2023\/09\/6_20230905_165820_0001-1.png\u00a0\u00bb icon_color=\u00a0\u00bb#44d89e\u00a0\u00bb _builder_version=\u00a0\u00bb4.21.0&Prime; header_font=\u00a0\u00bbPoppins|500|||||||\u00a0\u00bb header_text_color=\u00a0\u00bb#486066&Prime; header_font_size=\u00a0\u00bb18px\u00a0\u00bb body_font=\u00a0\u00bbOpen Sans||||||||\u00a0\u00bb body_line_height=\u00a0\u00bb1.8em\u00a0\u00bb background_color=\u00a0\u00bb#ffffff\u00a0\u00bb text_orientation=\u00a0\u00bbcenter\u00a0\u00bb module_alignment=\u00a0\u00bbcenter\u00a0\u00bb min_height=\u00a0\u00bb107px\u00a0\u00bb height=\u00a0\u00bb500px\u00a0\u00bb max_height=\u00a0\u00bb974px\u00a0\u00bb custom_margin=\u00a0\u00bb-3px||45px|||\u00a0\u00bb custom_padding=\u00a0\u00bb30px|30px|126px|30px||\u00a0\u00bb animation_style=\u00a0\u00bbfade\u00a0\u00bb animation_delay=\u00a0\u00bb100ms\u00a0\u00bb hover_enabled=\u00a0\u00bb0&Prime; border_radii=\u00a0\u00bbon|6px|6px|6px|6px\u00a0\u00bb box_shadow_style=\u00a0\u00bbpreset1&Prime; box_shadow_vertical=\u00a0\u00bb10px\u00a0\u00bb box_shadow_blur=\u00a0\u00bb24px\u00a0\u00bb box_shadow_spread=\u00a0\u00bb6px\u00a0\u00bb box_shadow_color=\u00a0\u00bbrgba(0,0,0,0.06)\u00a0\u00bb icon_hover_color=\u00a0\u00bb#353740&Prime; global_colors_info=\u00a0\u00bb{}\u00a0\u00bb icon_color__hover=\u00a0\u00bb#353740&Prime; icon_color__hover_enabled=\u00a0\u00bbon\u00a0\u00bb sticky_enabled=\u00a0\u00bb0&Prime;]<\/p>\n<p>2\u1d49 Dan<em style=\"font-size: 14px;\"><span style=\"font-family: inherit; font-size: small;\"><\/span><\/em><\/p>\n<p><em style=\"font-size: 14px;\"><span style=\"font-family: inherit; font-size: small;\">Dipl\u00f4me d&rsquo;assistant club (DAC)\u00a0<\/span><\/em><\/p>\n<p>[\/et_pb_team_member][\/et_pb_column][\/et_pb_row][\/et_pb_section]<\/p>\n","protected":false},"excerpt":{"rendered":"<p>\u00a03\u1d49 Dan Dipl\u00f4me d&rsquo;\u00c9tat de la Jeunesse, de l&rsquo;\u00c9ducation Populaire et du Sport (DEJEPS) \/ Formateur secouriste\u00a0 2\u1d49 Dan Dipl\u00f4me d&rsquo;\u00c9tat de la Jeunesse, de l&rsquo;\u00c9ducation Populaire et du Sport (DEJEPS) \/ Formateur secouriste\u00a0 2\u1d49 Dan Dipl\u00f4me d&rsquo;instructeur f\u00e9d\u00e9ral (DIF)2\u1d49 Dan Dipl\u00f4me d&rsquo;instructeur f\u00e9d\u00e9ral (DIF)1er Dan Dipl\u00f4me d&rsquo;instructeur f\u00e9d\u00e9ral (DIF)2\u1d49 Dan Dipl\u00f4me d&rsquo;assistant club (DAC)\u00a0<\/p>\n","protected":false},"author":1,"featured_media":0,"parent":0,"menu_order":0,"comment_status":"closed","ping_status":"closed","template":"","meta":{"_et_pb_use_builder":"on","_et_pb_old_content":"","_et_gb_content_width":"","om_disable_all_campaigns":false,"_uag_custom_page_level_css":"","_uf_show_specific_survey":0,"_uf_disable_surveys":false,"footnotes":""},"aioseo_notices":[],"uagb_featured_image_src":{"full":false,"thumbnail":false,"medium":false,"medium_large":false,"large":false,"1536x1536":false,"2048x2048":false,"et-pb-post-main-image":false,"et-pb-post-main-image-fullwidth":false,"et-pb-portfolio-image":false,"et-pb-portfolio-module-image":false,"et-pb-portfolio-image-single":false,"et-pb-gallery-module-image-portrait":false,"et-pb-post-main-image-fullwidth-large":false,"et-pb-image--responsive--desktop":false,"et-pb-image--responsive--tablet":false,"et-pb-image--responsive--phone":false},"uagb_author_info":{"display_name":"Djoson","author_link":"https:\/\/taekwondosaintmaurdesfosses.fr\/index.php\/author\/junenog7gmail-com\/"},"uagb_comment_info":0,"uagb_excerpt":"\u00a03\u1d49 Dan Dipl\u00f4me d'\u00c9tat de la Jeunesse, de l'\u00c9ducation Populaire et du Sport (DEJEPS) \/ Formateur secouriste\u00a0 2\u1d49 Dan Dipl\u00f4me d'\u00c9tat de la Jeunesse, de l'\u00c9ducation Populaire et du Sport (DEJEPS) \/ Formateur secouriste\u00a0 2\u1d49 Dan Dipl\u00f4me d'instructeur f\u00e9d\u00e9ral (DIF)2\u1d49 Dan Dipl\u00f4me d'instructeur f\u00e9d\u00e9ral (DIF)1er Dan Dipl\u00f4me d'instructeur f\u00e9d\u00e9ral (DIF)2\u1d49 Dan Dipl\u00f4me d'assistant club (DAC)\u00a0","_links":{"self":[{"href":"https:\/\/taekwondosaintmaurdesfosses.fr\/index.php\/wp-json\/wp\/v2\/pages\/2935"}],"collection":[{"href":"https:\/\/taekwondosaintmaurdesfosses.fr\/index.php\/wp-json\/wp\/v2\/pages"}],"about":[{"href":"https:\/\/taekwondosaintmaurdesfosses.fr\/index.php\/wp-json\/wp\/v2\/types\/page"}],"author":[{"embeddable":true,"href":"https:\/\/taekwondosaintmaurdesfosses.fr\/index.php\/wp-json\/wp\/v2\/users\/1"}],"replies":[{"embeddable":true,"href":"https:\/\/taekwondosaintmaurdesfosses.fr\/index.php\/wp-json\/wp\/v2\/comments?post=2935"}],"version-history":[{"count":11,"href":"https:\/\/taekwondosaintmaurdesfosses.fr\/index.php\/wp-json\/wp\/v2\/pages\/2935\/revisions"}],"predecessor-version":[{"id":3198,"href":"https:\/\/taekwondosaintmaurdesfosses.fr\/index.php\/wp-json\/wp\/v2\/pages\/2935\/revisions\/3198"}],"wp:attachment":[{"href":"https:\/\/taekwondosaintmaurdesfosses.fr\/index.php\/wp-json\/wp\/v2\/media?parent=2935"}],"curies":[{"name":"wp","href":"https:\/\/api.w.org\/{rel}","templated":true}]}}